{"id":23,"date":"2025-10-30T19:05:50","date_gmt":"2025-10-30T19:05:50","guid":{"rendered":"https:\/\/campuscosvic.com\/sede4\/mis-cursos\/"},"modified":"2025-10-30T19:05:50","modified_gmt":"2025-10-30T19:05:50","slug":"mis-cursos","status":"publish","type":"page","link":"https:\/\/campuscosvic.com\/sede4\/mis-cursos\/","title":{"rendered":"Mis cursos"},"content":{"rendered":"<div class=\"wp-block-query wp-block-sensei-lms-course-list wp-block-sensei-lms-course-list--is-list-view is-layout-flow wp-block-query-is-layout-flow\">\n<div class=\"wp-block-group is-layout-constrained wp-block-group-is-layout-constrained\" style=\"padding-top:var(--wp--preset--spacing--30);padding-bottom:0\"><\/div>\n\n\n<ul class=\"aligncenter wp-block-post-template is-layout-flow wp-block-post-template-is-layout-flow\"><li class=\"wp-block-post post-130 post type-post status-publish format-standard has-post-thumbnail hentry category-ayuda category-estudiantes category-inteligencia-artificial category-kitt category-uncategorized\">\n\n<div class=\"wp-block-group aligncenter has-border-color is-layout-flow wp-block-group-is-layout-flow\" style=\"border-color:#c7c3c34f;border-width:1px;padding-top:10px;padding-right:10px;padding-bottom:10px;padding-left:10px\"><figure style=\"height:324px;\" class=\"aligncenter wp-block-post-featured-image\"><a href=\"https:\/\/campuscosvic.com\/sede4\/uncategorized\/usuario-estudiante\/\" target=\"_self\"  style=\"height:324px\"><img loading=\"lazy\" decoding=\"async\" width=\"1280\" height=\"720\" src=\"https:\/\/campuscosvic.com\/sede4\/wp-content\/uploads\/2025\/10\/KITT.jpg\" class=\"attachment-post-thumbnail size-post-thumbnail wp-post-image\" alt=\"USUARIO ESTUDIANTE\" style=\"height:324px;object-fit:cover;\" srcset=\"https:\/\/campuscosvic.com\/sede4\/wp-content\/uploads\/2025\/10\/KITT.jpg 1280w, https:\/\/campuscosvic.com\/sede4\/wp-content\/uploads\/2025\/10\/KITT-300x169.jpg 300w, https:\/\/campuscosvic.com\/sede4\/wp-content\/uploads\/2025\/10\/KITT-1024x576.jpg 1024w, https:\/\/campuscosvic.com\/sede4\/wp-content\/uploads\/2025\/10\/KITT-768x432.jpg 768w, https:\/\/campuscosvic.com\/sede4\/wp-content\/uploads\/2025\/10\/KITT-100x56.jpg 100w\" sizes=\"auto, (max-width: 1280px) 100vw, 1280px\" \/><\/a><\/figure>\n\n\n<div class=\"wp-block-columns is-layout-flex wp-container-core-columns-is-layout-28f84493 wp-block-columns-is-layout-flex\">\n<div class=\"wp-block-column is-layout-flow wp-block-column-is-layout-flow\" style=\"flex-basis:66.66%\">\n<div style=\"padding-bottom:var(--wp--preset--spacing--20)\" class=\"wp-block-sensei-lms-course-categories has-text-align-left\"><\/div>\n\n\n<h2 style=\"padding-top:0;padding-right:0;padding-bottom:0;padding-left:0;margin-top:0;margin-right:0;margin-bottom:0;margin-left:0;\" class=\"has-text-align-left wp-block-post-title\"><a href=\"https:\/\/campuscosvic.com\/sede4\/uncategorized\/usuario-estudiante\/\" target=\"_self\" >USUARIO ESTUDIANTE<\/a><\/h2>\n\n<div class=\"has-text-align-left wp-block-post-author\"><div class=\"wp-block-post-author__avatar\"><img alt='' src='https:\/\/secure.gravatar.com\/avatar\/ac857eac0d7c3b742603f035eaabbd4b4eaf190f4a6977453dabef9c3cb624f8?s=48&#038;d=mm&#038;r=g' srcset='https:\/\/secure.gravatar.com\/avatar\/ac857eac0d7c3b742603f035eaabbd4b4eaf190f4a6977453dabef9c3cb624f8?s=96&#038;d=mm&#038;r=g 2x' class='avatar avatar-48 photo' height='48' width='48' \/><\/div><div class=\"wp-block-post-author__content\"><p class=\"wp-block-post-author__name\">LUIS PORRAS<\/p><\/div><\/div>\n\n<div class=\"has-text-align-left wp-block-post-excerpt\"><p class=\"wp-block-post-excerpt__excerpt\">\ud83e\udde9 \u00bfC\u00f3mo funciona el M\u00f3dulo del Estudiante en el Campus Virtual? El M\u00f3dulo del Estudiante&#8230; <\/p><\/div>\n\n\n\n<\/div>\n\n\n\n<div class=\"wp-block-column is-layout-flow wp-block-column-is-layout-flow\" style=\"padding-top:0;flex-basis:33.33%\">\n\n<div class=\"wp-block-sensei-lms-button-take-course is-style-default wp-block-sensei-button wp-block-button has-text-align-right\"><button class=\"wp-block-button__link\">Empezar el curso<\/button><\/div>\n\n\n\n<div class=\"wp-block-sensei-lms-button-continue-course is-style-default wp-block-sensei-button wp-block-button has-text-align-right\"><a class=\"wp-block-button__link\">Continuar<\/a><\/div>\n\n\n\n<div class=\"wp-block-sensei-lms-button-view-results is-style-default wp-block-sensei-button wp-block-button has-text-align-right\"><a class=\"wp-block-button__link\">Visitar resultados<\/a><\/div>\n\n<\/div>\n<\/div>\n<\/div>\n\n<\/li><\/ul>\n\n<\/div>","protected":false},"excerpt":{"rendered":"","protected":false},"author":1,"featured_media":0,"parent":0,"menu_order":0,"comment_status":"closed","ping_status":"closed","template":"","meta":{"footnotes":""},"class_list":["post-23","page","type-page","status-publish","hentry"],"_links":{"self":[{"href":"https:\/\/campuscosvic.com\/sede4\/wp-json\/wp\/v2\/pages\/23","targetHints":{"allow":["GET"]}}],"collection":[{"href":"https:\/\/campuscosvic.com\/sede4\/wp-json\/wp\/v2\/pages"}],"about":[{"href":"https:\/\/campuscosvic.com\/sede4\/wp-json\/wp\/v2\/types\/page"}],"author":[{"embeddable":true,"href":"https:\/\/campuscosvic.com\/sede4\/wp-json\/wp\/v2\/users\/1"}],"replies":[{"embeddable":true,"href":"https:\/\/campuscosvic.com\/sede4\/wp-json\/wp\/v2\/comments?post=23"}],"version-history":[{"count":0,"href":"https:\/\/campuscosvic.com\/sede4\/wp-json\/wp\/v2\/pages\/23\/revisions"}],"wp:attachment":[{"href":"https:\/\/campuscosvic.com\/sede4\/wp-json\/wp\/v2\/media?parent=23"}],"curies":[{"name":"wp","href":"https:\/\/api.w.org\/{rel}","templated":true}]}}